{"id":26,"date":"2012-11-29T11:24:42","date_gmt":"2012-11-29T09:24:42","guid":{"rendered":"http:\/\/juengel.dyndns-ip.com\/ssgjuengel\/?page_id=26"},"modified":"2012-11-29T11:24:42","modified_gmt":"2012-11-29T09:24:42","slug":"leistungsspektrum","status":"publish","type":"page","link":"http:\/\/laufkarten.info\/?page_id=26","title":{"rendered":"Leistungsspektrum"},"content":{"rendered":"<p><strong>Produkte f\u00fcr die Brandmeldetechnik<\/strong><\/p>\n<ul style=\"list-style-type: disc;\">\n<li>Brandmeldetableaus<\/li>\n<li>Laufkartendepots<\/li>\n<li>Feuerwehrinformationszentralen<\/li>\n<li>Feuerwehrlaufkarten<\/li>\n<li>Feuerwehreinsatzpl\u00e4ne<\/li>\n<li>Fluchtwegepl\u00e4ne<\/li>\n<li>Melderbeschriftungen<\/li>\n<li>Elektronische Einsatzdatei<\/li>\n<\/ul>\n<p><strong>Produkte f\u00fcr die Geb\u00e4udetechnik<\/strong><\/p>\n<ul style=\"list-style-type: disc;\">\n<li>Anzeige- und Bedientableaus<\/li>\n<li>Leuchtanzeigen<\/li>\n<li>Zugangskontrollen<\/li>\n<li>Pultanlagen<\/li>\n<li>Info- und Bedienterminals<\/li>\n<\/ul>\n","protected":false},"excerpt":{"rendered":"<p>Produkte f\u00fcr die Brandmeldetechnik Brandmeldetableaus Laufkartendepots Feuerwehrinformationszentralen Feuerwehrlaufkarten Feuerwehreinsatzpl\u00e4ne Fluchtwegepl\u00e4ne Melderbeschriftungen Elektronische Einsatzdatei Produkte f\u00fcr die Geb\u00e4udetechnik Anzeige- und Bedientableaus Leuchtanzeigen Zugangskontrollen Pultanlagen Info- und Bedienterminals<\/p>\n","protected":false},"author":1,"featured_media":0,"parent":0,"menu_order":0,"comment_status":"closed","ping_status":"closed","template":"","meta":[],"_links":{"self":[{"href":"http:\/\/laufkarten.info\/index.php?rest_route=\/wp\/v2\/pages\/26"}],"collection":[{"href":"http:\/\/laufkarten.info\/index.php?rest_route=\/wp\/v2\/pages"}],"about":[{"href":"http:\/\/laufkarten.info\/index.php?rest_route=\/wp\/v2\/types\/page"}],"author":[{"embeddable":true,"href":"http:\/\/laufkarten.info\/index.php?rest_route=\/wp\/v2\/users\/1"}],"replies":[{"embeddable":true,"href":"http:\/\/laufkarten.info\/index.php?rest_route=%2Fwp%2Fv2%2Fcomments&post=26"}],"version-history":[{"count":0,"href":"http:\/\/laufkarten.info\/index.php?rest_route=\/wp\/v2\/pages\/26\/revisions"}],"wp:attachment":[{"href":"http:\/\/laufkarten.info\/index.php?rest_route=%2Fwp%2Fv2%2Fmedia&parent=26"}],"curies":[{"name":"wp","href":"https:\/\/api.w.org\/{rel}","templated":true}]}}