{"id":34,"date":"2012-11-29T14:28:51","date_gmt":"2012-11-29T12:28:51","guid":{"rendered":"http:\/\/juengel.dyndns-ip.com\/ssgjuengel\/?page_id=34"},"modified":"2021-12-04T12:33:48","modified_gmt":"2021-12-04T10:33:48","slug":"brandmeldetableaus","status":"publish","type":"page","link":"http:\/\/laufkarten.info\/?page_id=34","title":{"rendered":"Brandmeldetableaus"},"content":{"rendered":"<p><strong>Folienbrandmeldetableau Standart<\/strong><\/p>\n<ul>\n<li>Geh\u00e4userahmen aus Aluminium silber eloxiert<\/li>\n<li>Frontplatte mit Grundrissfolie und Plexischeibe<\/li>\n<li>LED\u00b4s in Tr\u00e4gerplatte befestigt<\/li>\n<li>Ausf\u00fchrung u.P. oder a.P.<\/li>\n<li>Verdrahtung der LED\u00b4s auf beigestellte Steuerplatinen oder komplett auf unsere Tableausteuerplatinen, f\u00fcr alle g\u00e4ngigen Brandmeldezentralen geeignet.<\/li>\n<\/ul>\n<p><strong>Folienbrandmeldetableau Wechselrahmen<\/strong><\/p>\n<ul>\n<li>Geh\u00e4userahmen aus Aluminium silber eloxiert<\/li>\n<li>Wechselrahmen mit Grundrissfolie und Plexischeibe<\/li>\n<li>LED\u00b4s in Tr\u00e4gerplatte befestigt<\/li>\n<li>Ausf\u00fchrung u.P. oder a.P.<\/li>\n<li>Verdrahtung der LED\u00b4s auf beigestellte Steuerplatinen oder komplett auf unsere Tableausteuerplatinen, f\u00fcr alle g\u00e4ngigen Brandmeldezentralen geeignet.<\/li>\n<\/ul>\n<div><\/div>\n<p><strong>Lageplantableau<\/strong><\/p>\n<ul>\n<li>Geh\u00e4userahmen und Frontplatte aus Aluminium silber eloxiert<\/li>\n<li>Grundriss im Siebdruckverfahren aufgedruckt<\/li>\n<li>Frontplatte mit verdecktliegenden Scharnieren<\/li>\n<li>LED\u00b4s eindrucksicher<\/li>\n<li>Grundriss und Texte auch als Gravur m\u00f6glich<\/li>\n<li>Verdrahtung der LED\u00b4s auf beigestellte Steuerplatinen oder komplett auf unsere Tableausteuerplatinen, f\u00fcr alle g\u00e4ngigen Brandmeldezentralen geeignet.<\/li>\n<\/ul>\n","protected":false},"excerpt":{"rendered":"<p>Folienbrandmeldetableau Standart Geh\u00e4userahmen aus Aluminium silber eloxiert Frontplatte mit Grundrissfolie und Plexischeibe LED\u00b4s in Tr\u00e4gerplatte befestigt Ausf\u00fchrung u.P. oder a.P. Verdrahtung der LED\u00b4s auf beigestellte Steuerplatinen oder komplett auf unsere Tableausteuerplatinen, f\u00fcr alle g\u00e4ngigen Brandmeldezentralen geeignet. Folienbrandmeldetableau Wechselrahmen Geh\u00e4userahmen aus &hellip; <a href=\"http:\/\/laufkarten.info\/?page_id=34\">Weiterlesen <span class=\"meta-nav\">&rarr;<\/span><\/a><\/p>\n","protected":false},"author":1,"featured_media":0,"parent":0,"menu_order":0,"comment_status":"closed","ping_status":"closed","template":"","meta":[],"_links":{"self":[{"href":"http:\/\/laufkarten.info\/index.php?rest_route=\/wp\/v2\/pages\/34"}],"collection":[{"href":"http:\/\/laufkarten.info\/index.php?rest_route=\/wp\/v2\/pages"}],"about":[{"href":"http:\/\/laufkarten.info\/index.php?rest_route=\/wp\/v2\/types\/page"}],"author":[{"embeddable":true,"href":"http:\/\/laufkarten.info\/index.php?rest_route=\/wp\/v2\/users\/1"}],"replies":[{"embeddable":true,"href":"http:\/\/laufkarten.info\/index.php?rest_route=%2Fwp%2Fv2%2Fcomments&post=34"}],"version-history":[{"count":1,"href":"http:\/\/laufkarten.info\/index.php?rest_route=\/wp\/v2\/pages\/34\/revisions"}],"predecessor-version":[{"id":55,"href":"http:\/\/laufkarten.info\/index.php?rest_route=\/wp\/v2\/pages\/34\/revisions\/55"}],"wp:attachment":[{"href":"http:\/\/laufkarten.info\/index.php?rest_route=%2Fwp%2Fv2%2Fmedia&parent=34"}],"curies":[{"name":"wp","href":"https:\/\/api.w.org\/{rel}","templated":true}]}}