{"id":36,"date":"2012-11-29T14:29:05","date_gmt":"2012-11-29T12:29:05","guid":{"rendered":"http:\/\/juengel.dyndns-ip.com\/ssgjuengel\/?page_id=36"},"modified":"2021-12-04T12:33:14","modified_gmt":"2021-12-04T10:33:14","slug":"laufkartendepots","status":"publish","type":"page","link":"http:\/\/laufkarten.info\/?page_id=36","title":{"rendered":"Laufkartendepots"},"content":{"rendered":"<p><strong>Laufkartendepot<\/strong><\/p>\n<ul>\n<li>f\u00fcr 160 Laufkarten DinA4 Querformat<\/li>\n<li>mit LED-Anzeige \u00fcber jedem Kartenreiter<\/li>\n<li>mit Fach f\u00fcr Steuerbausteine<\/li>\n<li>auswechselbare Melderbeschriftung<\/li>\n<\/ul>\n<p><strong>Laufkartendepot mit FBF &amp; FAT<\/strong><\/p>\n<ul>\n<li>f\u00fcr 96 Laufkarten DinA4 Querformat<\/li>\n<li>mit LED-Anzeige \u00fcber jedem Kartenreiter<\/li>\n<li>mit Fach f\u00fcr Steuerbausteine<\/li>\n<li>auswechselbare Melderbeschriftung<\/li>\n<li>u.P.-Ausf\u00fchrung mit Einputzrahmen<\/li>\n<\/ul>\n<p><strong>Laufkartendepot mit FBF &amp; FAT &amp; DKM<\/strong><\/p>\n<ul>\n<li>f\u00fcr ca. 80 Laufkarten Din A4<\/li>\n<\/ul>\n<p><strong>Feuerwehrinformationszentrale<\/strong><\/p>\n<ul>\n<li>mit FBF und FAT<\/li>\n<li>f\u00fcr bauseitigen PHZ<\/li>\n<li>mit BMZ, Netzteil und Batterien<\/li>\n<li>f\u00fcr ca. 50 Laufkarten Din A4<\/li>\n<\/ul>\n<div><\/div>\n","protected":false},"excerpt":{"rendered":"<p>Laufkartendepot f\u00fcr 160 Laufkarten DinA4 Querformat mit LED-Anzeige \u00fcber jedem Kartenreiter mit Fach f\u00fcr Steuerbausteine auswechselbare Melderbeschriftung Laufkartendepot mit FBF &amp; FAT f\u00fcr 96 Laufkarten DinA4 Querformat mit LED-Anzeige \u00fcber jedem Kartenreiter mit Fach f\u00fcr Steuerbausteine auswechselbare Melderbeschriftung u.P.-Ausf\u00fchrung mit &hellip; <a href=\"http:\/\/laufkarten.info\/?page_id=36\">Weiterlesen <span class=\"meta-nav\">&rarr;<\/span><\/a><\/p>\n","protected":false},"author":1,"featured_media":0,"parent":0,"menu_order":0,"comment_status":"closed","ping_status":"closed","template":"","meta":[],"_links":{"self":[{"href":"http:\/\/laufkarten.info\/index.php?rest_route=\/wp\/v2\/pages\/36"}],"collection":[{"href":"http:\/\/laufkarten.info\/index.php?rest_route=\/wp\/v2\/pages"}],"about":[{"href":"http:\/\/laufkarten.info\/index.php?rest_route=\/wp\/v2\/types\/page"}],"author":[{"embeddable":true,"href":"http:\/\/laufkarten.info\/index.php?rest_route=\/wp\/v2\/users\/1"}],"replies":[{"embeddable":true,"href":"http:\/\/laufkarten.info\/index.php?rest_route=%2Fwp%2Fv2%2Fcomments&post=36"}],"version-history":[{"count":2,"href":"http:\/\/laufkarten.info\/index.php?rest_route=\/wp\/v2\/pages\/36\/revisions"}],"predecessor-version":[{"id":54,"href":"http:\/\/laufkarten.info\/index.php?rest_route=\/wp\/v2\/pages\/36\/revisions\/54"}],"wp:attachment":[{"href":"http:\/\/laufkarten.info\/index.php?rest_route=%2Fwp%2Fv2%2Fmedia&parent=36"}],"curies":[{"name":"wp","href":"https:\/\/api.w.org\/{rel}","templated":true}]}}