{"id":38,"date":"2012-11-29T14:29:24","date_gmt":"2012-11-29T12:29:24","guid":{"rendered":"http:\/\/juengel.dyndns-ip.com\/ssgjuengel\/?page_id=38"},"modified":"2021-12-04T12:32:41","modified_gmt":"2021-12-04T10:32:41","slug":"feuerwehreinsatzzentralen","status":"publish","type":"page","link":"http:\/\/laufkarten.info\/?page_id=38","title":{"rendered":"Feuerwehreinsatzzentralen"},"content":{"rendered":"<p><strong>Feuerwehrinformationszentrale (Sonder 1)<\/strong><\/p>\n<ul>\n<li>f\u00fcr 450 Laufkarten DinA4 Hochformat<\/li>\n<li>mit LED-Anzeige \u00fcber jedem Kartenreiter<\/li>\n<li>mit Fach f\u00fcr Steuerbausteine<\/li>\n<li>auswechselbare Melderbeschriftung<\/li>\n<li>mit Lageplantableau in der T\u00fcr mit auswechselbaren Grundrissfolien<\/li>\n<li>FBF und FAT<\/li>\n<li>Platz f\u00fcr 2.Satz Laufkarten im Ordner<\/li>\n<li>mit Entrauchnungstableau<\/li>\n<\/ul>\n<div><\/div>\n<p><strong>Feuerwehrinformationszentrale (Sonder 2)<\/strong><\/p>\n<ul>\n<li>Aufzugstableau mit Sprechstelle (links)<\/li>\n<li>Lageplantableau<\/li>\n<li>Feuerwehrbedienfeld<\/li>\n<li>Feuerwehrsprechstellen<\/li>\n<li>verschiedene Abschaltungen \u00fcber Feuerwehrschlie\u00dfung<\/li>\n<\/ul>\n<div><\/div>\n<p><strong>Entrauchungstableau mit Laufkartendepot<\/strong><\/p>\n<ul>\n<li>f\u00fcr ca. 512 Laufkarten Din A4<\/li>\n<li>mit auswechselbaren Grundrissfolien<\/li>\n<\/ul>\n<div><\/div>\n<p><strong>Feuerwehrinformationszentrale mit BMZ<\/strong><\/p>\n<ul>\n<li>mit FBF und FAT<\/li>\n<li>f\u00fcr bauseitigen PHZ<\/li>\n<li>mit BMZ, Netzteil und Batterien<\/li>\n<li>f\u00fcr ca. 50 Laufkarten Din A4<\/li>\n<\/ul>\n","protected":false},"excerpt":{"rendered":"<p>Feuerwehrinformationszentrale (Sonder 1) f\u00fcr 450 Laufkarten DinA4 Hochformat mit LED-Anzeige \u00fcber jedem Kartenreiter mit Fach f\u00fcr Steuerbausteine auswechselbare Melderbeschriftung mit Lageplantableau in der T\u00fcr mit auswechselbaren Grundrissfolien FBF und FAT Platz f\u00fcr 2.Satz Laufkarten im Ordner mit Entrauchnungstableau Feuerwehrinformationszentrale (Sonder &hellip; <a href=\"http:\/\/laufkarten.info\/?page_id=38\">Weiterlesen <span class=\"meta-nav\">&rarr;<\/span><\/a><\/p>\n","protected":false},"author":1,"featured_media":0,"parent":0,"menu_order":0,"comment_status":"closed","ping_status":"closed","template":"","meta":[],"_links":{"self":[{"href":"http:\/\/laufkarten.info\/index.php?rest_route=\/wp\/v2\/pages\/38"}],"collection":[{"href":"http:\/\/laufkarten.info\/index.php?rest_route=\/wp\/v2\/pages"}],"about":[{"href":"http:\/\/laufkarten.info\/index.php?rest_route=\/wp\/v2\/types\/page"}],"author":[{"embeddable":true,"href":"http:\/\/laufkarten.info\/index.php?rest_route=\/wp\/v2\/users\/1"}],"replies":[{"embeddable":true,"href":"http:\/\/laufkarten.info\/index.php?rest_route=%2Fwp%2Fv2%2Fcomments&post=38"}],"version-history":[{"count":1,"href":"http:\/\/laufkarten.info\/index.php?rest_route=\/wp\/v2\/pages\/38\/revisions"}],"predecessor-version":[{"id":53,"href":"http:\/\/laufkarten.info\/index.php?rest_route=\/wp\/v2\/pages\/38\/revisions\/53"}],"wp:attachment":[{"href":"http:\/\/laufkarten.info\/index.php?rest_route=%2Fwp%2Fv2%2Fmedia&parent=38"}],"curies":[{"name":"wp","href":"https:\/\/api.w.org\/{rel}","templated":true}]}}