{"id":6,"date":"2012-11-29T09:15:11","date_gmt":"2012-11-29T07:15:11","guid":{"rendered":"http:\/\/juengel.dyndns-ip.com\/ssgjuengel\/?page_id=2"},"modified":"2012-11-29T09:15:11","modified_gmt":"2012-11-29T07:15:11","slug":"beispiel-seite-2","status":"publish","type":"page","link":"http:\/\/laufkarten.info\/","title":{"rendered":"Firmenportrait"},"content":{"rendered":"<p>Seit 1994 sind wir ein ideenreicher und zuverl\u00e4ssiger Partner f\u00fcr unsere Kunden. Durch unsere Qualit\u00e4t, Verl\u00e4sslichkeit und Termintreue haben wir uns einen hervorragenden Namen gemacht und arbeiten jeden Tag daran, diesen noch zu festigen. Dabei stellen auch schwierigste Anforderungen bei engstem Terminrahmen f\u00fcr uns kein Problem dar.<\/p>\n<p>Unser Service f\u00fcr unsere Kunden deckt alle Bereiche f\u00fcr die ma\u00dfgeschneiderten Anforderungen. Dabei ist das Know-how unserer Mitarbeiter verbunden mit Dynamik, Flexibilit\u00e4t und technischer Innovation der stetige Garant f\u00fcr unseren Erfolg.<\/p>\n<p>Bei uns wird nicht lange philosophiert, sondern gemacht. Unser junges und motiviertes Team wird daher auch f\u00fcr Sie die richtige L\u00f6sung finden!<\/p>\n","protected":false},"excerpt":{"rendered":"<p>Seit 1994 sind wir ein ideenreicher und zuverl\u00e4ssiger Partner f\u00fcr unsere Kunden. Durch unsere Qualit\u00e4t, Verl\u00e4sslichkeit und Termintreue haben wir uns einen hervorragenden Namen gemacht und arbeiten jeden Tag daran, diesen noch zu festigen. Dabei stellen auch schwierigste Anforderungen bei &hellip; <a href=\"http:\/\/laufkarten.info\/\">Weiterlesen <span class=\"meta-nav\">&rarr;<\/span><\/a><\/p>\n","protected":false},"author":1,"featured_media":0,"parent":0,"menu_order":0,"comment_status":"closed","ping_status":"closed","template":"","meta":[],"_links":{"self":[{"href":"http:\/\/laufkarten.info\/index.php?rest_route=\/wp\/v2\/pages\/6"}],"collection":[{"href":"http:\/\/laufkarten.info\/index.php?rest_route=\/wp\/v2\/pages"}],"about":[{"href":"http:\/\/laufkarten.info\/index.php?rest_route=\/wp\/v2\/types\/page"}],"author":[{"embeddable":true,"href":"http:\/\/laufkarten.info\/index.php?rest_route=\/wp\/v2\/users\/1"}],"replies":[{"embeddable":true,"href":"http:\/\/laufkarten.info\/index.php?rest_route=%2Fwp%2Fv2%2Fcomments&post=6"}],"version-history":[{"count":0,"href":"http:\/\/laufkarten.info\/index.php?rest_route=\/wp\/v2\/pages\/6\/revisions"}],"wp:attachment":[{"href":"http:\/\/laufkarten.info\/index.php?rest_route=%2Fwp%2Fv2%2Fmedia&parent=6"}],"curies":[{"name":"wp","href":"https:\/\/api.w.org\/{rel}","templated":true}]}}